{"id":858,"date":"2019-01-23T08:49:45","date_gmt":"2019-01-23T08:49:45","guid":{"rendered":"http:\/\/trauer-am-berg.de\/?page_id=858"},"modified":"2019-01-24T08:37:47","modified_gmt":"2019-01-24T08:37:47","slug":"kintsugi","status":"publish","type":"page","link":"https:\/\/www.trauer-am-berg.de\/?page_id=858","title":{"rendered":"Kintsugi"},"content":{"rendered":"<p><em>\u201eWir tragen einen Schatz in irdenen Gef\u00e4\u00dfen\u201c <\/em>2 Korinther 4,7<\/p>\n<p><img loading=\"lazy\" decoding=\"async\" class=\"size-medium wp-image-866 aligncenter\" src=\"https:\/\/www.trauer-am-berg.de\/wp-content\/uploads\/2019\/01\/Schale-1-300x194.jpg\" alt=\"\" width=\"300\" height=\"194\" srcset=\"https:\/\/www.trauer-am-berg.de\/wp-content\/uploads\/2019\/01\/Schale-1-300x194.jpg 300w, https:\/\/www.trauer-am-berg.de\/wp-content\/uploads\/2019\/01\/Schale-1.jpg 599w\" sizes=\"(max-width: 300px) 100vw, 300px\" \/><\/p>\n<p>\u201e<em>Kintsugi, so hei\u00dft eine Handwerkskunst. Sie stammt aus Japan und hei\u00dft \u201eGoldreparatur\u201c. Wenn eine wertvolle Keramikschale in Scherben zerbricht, wird sie wieder zusammengef\u00fcgt. Nicht ohne sichtbare Risse, das w\u00e4re ja unm\u00f6glich. Aber: Die Bruchstellen werden nicht nur mit besonderem Kitt und Lack geflickt, sondern auch mit Goldstaub. So wirken die Br\u00fcche besonders kostbar, das ganze Gef\u00e4\u00df ist neu und anders, es gl\u00e4nzt sogar. <\/em><\/p>\n<p><em>Jede wiederhergestellte Schale zeigt: Ich bin gebrochen an verschiedenen Stellen. Ich habe vieles \u00fcberstanden. Es hat M\u00fche und Zeit gekostet, wieder ganz zu werden, wieder neu gef\u00fcllt werden zu k\u00f6nnen. Aber genau das macht mich einzigartig.\u201c <\/em><em>Nach Iris Macke <\/em><\/p>\n<p>Auch wir Menschen k\u00f6nnen zerbrechen, durch Schicksalsschl\u00e4ge wie den Verlust eines geliebten Menschen, Arbeitslosigkeit, Scheidung, Krankheit, \u2026 Es \u201ezerlegt\u201c uns und wir f\u00fchlen uns zersplittert und kaputt. In solchen Momenten sp\u00fcren wir, wie zerbrechlich und kostbar unser Leben ist und wie wenig selbstverst\u00e4ndlich es ist, dass es uns gut geht und wir heil sind.<\/p>\n","protected":false},"excerpt":{"rendered":"<p>\u201eWir tragen einen Schatz in irdenen Gef\u00e4\u00dfen\u201c 2 Korinther 4,7 \u201eKintsugi, so hei\u00dft eine Handwerkskunst. Sie stammt aus Japan und hei\u00dft \u201eGoldreparatur\u201c. Wenn eine wertvolle Keramikschale in Scherben zerbricht, wird sie wieder zusammengef\u00fcgt. Nicht ohne sichtbare Risse, das w\u00e4re ja unm\u00f6glich. Aber: Die Bruchstellen werden nicht nur mit besonderem Kitt und Lack geflickt, sondern auch &hellip; <a href=\"https:\/\/www.trauer-am-berg.de\/?page_id=858\" class=\"more-link\"><span class=\"screen-reader-text\">Kintsugi<\/span> weiterlesen<\/a><\/p>\n","protected":false},"author":1,"featured_media":0,"parent":0,"menu_order":0,"comment_status":"closed","ping_status":"closed","template":"","meta":{"footnotes":""},"_links":{"self":[{"href":"https:\/\/www.trauer-am-berg.de\/index.php?rest_route=\/wp\/v2\/pages\/858"}],"collection":[{"href":"https:\/\/www.trauer-am-berg.de\/index.php?rest_route=\/wp\/v2\/pages"}],"about":[{"href":"https:\/\/www.trauer-am-berg.de\/index.php?rest_route=\/wp\/v2\/types\/page"}],"author":[{"embeddable":true,"href":"https:\/\/www.trauer-am-berg.de\/index.php?rest_route=\/wp\/v2\/users\/1"}],"replies":[{"embeddable":true,"href":"https:\/\/www.trauer-am-berg.de\/index.php?rest_route=%2Fwp%2Fv2%2Fcomments&post=858"}],"version-history":[{"count":2,"href":"https:\/\/www.trauer-am-berg.de\/index.php?rest_route=\/wp\/v2\/pages\/858\/revisions"}],"predecessor-version":[{"id":868,"href":"https:\/\/www.trauer-am-berg.de\/index.php?rest_route=\/wp\/v2\/pages\/858\/revisions\/868"}],"wp:attachment":[{"href":"https:\/\/www.trauer-am-berg.de\/index.php?rest_route=%2Fwp%2Fv2%2Fmedia&parent=858"}],"curies":[{"name":"wp","href":"https:\/\/api.w.org\/{rel}","templated":true}]}}