{"id":765,"date":"2018-10-30T14:17:30","date_gmt":"2018-10-30T14:17:30","guid":{"rendered":"http:\/\/trauer-am-berg.de\/?page_id=765"},"modified":"2025-11-13T18:10:27","modified_gmt":"2025-11-13T18:10:27","slug":"oasen-nacht","status":"publish","type":"page","link":"https:\/\/www.trauer-am-berg.de\/?page_id=765","title":{"rendered":"Oasen-Nacht f\u00fcr Menschen in Trauer &#8211; Mit Musik und Tanz in Einklang kommen"},"content":{"rendered":"<p>Trauer ist ein Gef\u00fchl, so denken wir und empfinden wir. Doch tats\u00e4chlich erleben wir einen Verlust vorwiegend k\u00f6rperlich. Es liegt also nahe, in Zeiten der Trauer dem K\u00f6rper etwas Gutes zu tun. Oasen-Tage wollen genau dies anbieten, in ganz unterschiedlichen Oasen \u201czelten\u201c: Erfahrungen und Erlebnisse, die gut tun an Leib und Seele, wie eine Oase gut tut nach einer langen, entbehrungsreichen Wanderung in der W\u00fcste unserer Trauer.<\/p>\n<p>Mit Barbara Schulte-B\u00fcttner erleben wir Tanz als Bindeglied zur Vergangenheit und als Katalysator aller Gef\u00fchle des Lebens. Musik und Tanz bringen Leib und Seele in Einklang.<\/p>\n<p>Sie sind eingeladen am<\/p>\n<p>Samstag, 25. Juli 2026, 15.30 Uhr bis<br \/>\nSonntag, 26. Juli 2026, 13 Uhr<\/p>\n<p>am Petersberg bei Erdweg, Beginn im Unteren Haus, Saal<\/p>\n<p>Seminargeb\u00fchr 85 \u20ac<br \/>\nVerpflegung und \u00dcbernachtung: 86 \u20ac<\/p>\n<p>Leitung:<br \/>\nWalter Hechenberger, Pastoralreferent<br \/>\nBarbara Schulte-B\u00fcttner, Bewegungsp\u00e4dagogin,\u00a0Tanzp\u00e4dagogin, Trauerbegleiterin (gro\u00dfe Basisqualifikation BVT &amp; BAT)<\/p>\n<p><img loading=\"lazy\" decoding=\"async\" class=\"wp-image-1785 alignleft\" src=\"https:\/\/www.trauer-am-berg.de\/wp-content\/uploads\/2024\/06\/Barbara-Schulte-Buettner-c-Andrea-Mauchder_farb_print_23-MB-203x300.jpg\" alt=\"\" width=\"150\" height=\"222\" \/><\/p>\n<p>Anmeldung beim Petersberg unter 08138\/9313-0, oder<br \/>\nper mail klvhs@der-petersberg.de oder ab Fr\u00fchjahr 2026 direkt hier.<\/p>\n","protected":false},"excerpt":{"rendered":"<p>Trauer ist ein Gef\u00fchl, so denken wir und empfinden wir. Doch tats\u00e4chlich erleben wir einen Verlust vorwiegend k\u00f6rperlich. Es liegt also nahe, in Zeiten der Trauer dem K\u00f6rper etwas Gutes zu tun. Oasen-Tage wollen genau dies anbieten, in ganz unterschiedlichen Oasen \u201czelten\u201c: Erfahrungen und Erlebnisse, die gut tun an Leib und Seele, wie eine Oase &hellip; <a href=\"https:\/\/www.trauer-am-berg.de\/?page_id=765\" class=\"more-link\"><span class=\"screen-reader-text\">Oasen-Nacht f\u00fcr Menschen in Trauer &#8211; Mit Musik und Tanz in Einklang kommen<\/span> weiterlesen<\/a><\/p>\n","protected":false},"author":1,"featured_media":0,"parent":0,"menu_order":0,"comment_status":"closed","ping_status":"closed","template":"","meta":{"footnotes":""},"_links":{"self":[{"href":"https:\/\/www.trauer-am-berg.de\/index.php?rest_route=\/wp\/v2\/pages\/765"}],"collection":[{"href":"https:\/\/www.trauer-am-berg.de\/index.php?rest_route=\/wp\/v2\/pages"}],"about":[{"href":"https:\/\/www.trauer-am-berg.de\/index.php?rest_route=\/wp\/v2\/types\/page"}],"author":[{"embeddable":true,"href":"https:\/\/www.trauer-am-berg.de\/index.php?rest_route=\/wp\/v2\/users\/1"}],"replies":[{"embeddable":true,"href":"https:\/\/www.trauer-am-berg.de\/index.php?rest_route=%2Fwp%2Fv2%2Fcomments&post=765"}],"version-history":[{"count":32,"href":"https:\/\/www.trauer-am-berg.de\/index.php?rest_route=\/wp\/v2\/pages\/765\/revisions"}],"predecessor-version":[{"id":2176,"href":"https:\/\/www.trauer-am-berg.de\/index.php?rest_route=\/wp\/v2\/pages\/765\/revisions\/2176"}],"wp:attachment":[{"href":"https:\/\/www.trauer-am-berg.de\/index.php?rest_route=%2Fwp%2Fv2%2Fmedia&parent=765"}],"curies":[{"name":"wp","href":"https:\/\/api.w.org\/{rel}","templated":true}]}}