{"id":759,"date":"2018-10-30T14:03:57","date_gmt":"2018-10-30T14:03:57","guid":{"rendered":"http:\/\/trauer-am-berg.de\/?page_id=759"},"modified":"2025-10-10T06:44:46","modified_gmt":"2025-10-10T06:44:46","slug":"oasen-tag","status":"publish","type":"page","link":"https:\/\/www.trauer-am-berg.de\/?page_id=759","title":{"rendered":"Oasen-Tag kreativ im September"},"content":{"rendered":"<p>Trauer ist ein Gef\u00fchl, so denken wir und empfinden wir. Doch tats\u00e4chlich erleben wir einen Verlust vorwiegend k\u00f6rperlich. Es liegt also nahe, in Zeiten der Trauer dem K\u00f6rper etwas Gutes zu tun. Oasen-Tage wollen genau dies anbieten, in ganz unterschiedlichen Oasen \u201czelten\u201c: Erfahrungen und Erlebnisse, die gut tun an Leib und Seele, wie eine Oase gut tut nach einer langen, entbehrungsreichen Wanderung in der W\u00fcste unserer Trauer.<\/p>\n<p>Im September wollen wir einkehren in einer Werkstatt-Oase und uns kreativ besch\u00e4ftigen.<\/p>\n<p><em>Etwas schaffen, etwas tun, etwas Sch\u00f6nes gestalten, es geht nicht ums \u201eK\u00f6nnen\u201c, sondern ums Tun.<\/em><\/p>\n<p><em>durch das Tun abschalten, zu sich kommen, weiterkommen<\/em><\/p>\n<p><em>Mal weg vom Reden, hin zum Tun<\/em><\/p>\n<p>Samstag 17.09.2026<br \/>\nvon 10.00 bis 17.00 Uhr<br \/>\nam Petersberg bei Erdweg<br \/>\nBeginn im Oberen Haus<\/p>\n<p>Seminargeb\u00fchr 10 \u20ac zzgl. Materialkosten<br \/>\nVerpflegung inkl. Mittagessen und Kaffee und Kuchen: 25 \u20ac<\/p>\n<p>Leitung:<br \/>\nWalter Hechenberger, Pastoralreferent<br \/>\nN.N.<\/p>\n<p>Anmeldung beim Dachauer Forum unter 08131-99688-0, oder<br \/>\nper mail info(at)Dachauer-Forum.de oder ab Herbst 2026\u00a0 direkt hier.<\/p>\n","protected":false},"excerpt":{"rendered":"<p>Trauer ist ein Gef\u00fchl, so denken wir und empfinden wir. Doch tats\u00e4chlich erleben wir einen Verlust vorwiegend k\u00f6rperlich. Es liegt also nahe, in Zeiten der Trauer dem K\u00f6rper etwas Gutes zu tun. Oasen-Tage wollen genau dies anbieten, in ganz unterschiedlichen Oasen \u201czelten\u201c: Erfahrungen und Erlebnisse, die gut tun an Leib und Seele, wie eine Oase &hellip; <a href=\"https:\/\/www.trauer-am-berg.de\/?page_id=759\" class=\"more-link\"><span class=\"screen-reader-text\">Oasen-Tag kreativ im September<\/span> weiterlesen<\/a><\/p>\n","protected":false},"author":1,"featured_media":0,"parent":0,"menu_order":0,"comment_status":"closed","ping_status":"closed","template":"","meta":{"footnotes":""},"_links":{"self":[{"href":"https:\/\/www.trauer-am-berg.de\/index.php?rest_route=\/wp\/v2\/pages\/759"}],"collection":[{"href":"https:\/\/www.trauer-am-berg.de\/index.php?rest_route=\/wp\/v2\/pages"}],"about":[{"href":"https:\/\/www.trauer-am-berg.de\/index.php?rest_route=\/wp\/v2\/types\/page"}],"author":[{"embeddable":true,"href":"https:\/\/www.trauer-am-berg.de\/index.php?rest_route=\/wp\/v2\/users\/1"}],"replies":[{"embeddable":true,"href":"https:\/\/www.trauer-am-berg.de\/index.php?rest_route=%2Fwp%2Fv2%2Fcomments&post=759"}],"version-history":[{"count":27,"href":"https:\/\/www.trauer-am-berg.de\/index.php?rest_route=\/wp\/v2\/pages\/759\/revisions"}],"predecessor-version":[{"id":2089,"href":"https:\/\/www.trauer-am-berg.de\/index.php?rest_route=\/wp\/v2\/pages\/759\/revisions\/2089"}],"wp:attachment":[{"href":"https:\/\/www.trauer-am-berg.de\/index.php?rest_route=%2Fwp%2Fv2%2Fmedia&parent=759"}],"curies":[{"name":"wp","href":"https:\/\/api.w.org\/{rel}","templated":true}]}}