{"id":276,"date":"2017-07-07T19:08:03","date_gmt":"2017-07-07T19:08:03","guid":{"rendered":"http:\/\/trauer-am-berg.de\/?page_id=276"},"modified":"2025-08-05T09:35:33","modified_gmt":"2025-08-05T09:35:33","slug":"trauer-er-gehen","status":"publish","type":"page","link":"https:\/\/www.trauer-am-berg.de\/?page_id=276","title":{"rendered":"Trauer er-gehen"},"content":{"rendered":"\n<h4 class=\"wp-block-heading\"><span style=\"font-size: medium;\"><span style=\"font-family: Candara,sans-serif;\">Tageswanderung mit Trauernden<\/span><\/span><\/h4>\n\n\n\n<p>Die eigene Trauer kann nicht nur im Gespr\u00e4ch Platz haben, auch im Miteinander Gehen, im Alleine Gehen kann Trauer im wahrsten Sinne des Wortes ergangen werden. Wir beginnen mit einem gemeinsamen Fr\u00fchst\u00fcck, haben insgesamt ca 4 Stunden Wanderung vor uns, kehren Mittag ein, fahren mit der Bahn zur\u00fcck nach Erdweg und schlie\u00dfen nach einem Gedenken in der Basilika ab.<\/p>\n\n\n<div class=\"wp-block-image\">\n<figure class=\"alignleft\"><img loading=\"lazy\" decoding=\"async\" width=\"300\" height=\"201\" src=\"https:\/\/www.trauer-am-berg.de\/wp-content\/uploads\/2017\/07\/2017-Petersberg-080-300x201.jpg\" alt=\"\" class=\"wp-image-225\"\/><\/figure><\/div>\n\n\n<p><span style=\"font-size: medium;\"><span style=\"font-family: Candara,sans-serif;\"><span style=\"font-family: Candara,sans-serif;\"><\/span><\/span><\/span><\/p>\n\n\n\n<p style=\"font-size:20px\"><span style=\"font-family: Candara,sans-serif;\"><strong>Wann:&nbsp;&nbsp;<\/strong>&nbsp;&nbsp;&nbsp;<span style=\"font-size: medium;\"><br>Samstag, 09.05.2026<br>8.30 Uhr bis ca 16.00 Uhr<\/span><\/span><\/p>\n\n\n\n<p><span style=\"font-size: medium;\"><span style=\"font-family: Candara,sans-serif;\"><strong>Wo:<\/strong> Haus Petersberg, Beginn im Speisesaal mit einem Fr\u00fchst\u00fcck<\/span><\/span><\/p>\n\n\n\n<p><span style=\"font-size: medium;\"><span style=\"font-family: Candara,sans-serif;\"><strong>Leitung:<\/strong><br>Walter Hechenberger, Pastoralreferent<\/span><\/span><\/p>\n\n\n\n<p><span style=\"font-size: medium;\"><span style=\"font-family: Candara,sans-serif;\">Anja Oberm\u00fcller, ehrenamtliche Mitarbeiterin in der Trauerseelsorge<\/span><\/span><\/p>\n\n\n\n<figure class=\"wp-block-image is-resized is-style-rounded\"><img loading=\"lazy\" decoding=\"async\" width=\"300\" height=\"300\" src=\"https:\/\/www.trauer-am-berg.de\/wp-content\/uploads\/2023\/01\/2022-11-EA-Anja-300x300.jpg\" alt=\"\" class=\"wp-image-1567\" style=\"width:157px;height:auto\" srcset=\"https:\/\/www.trauer-am-berg.de\/wp-content\/uploads\/2023\/01\/2022-11-EA-Anja-300x300.jpg 300w, https:\/\/www.trauer-am-berg.de\/wp-content\/uploads\/2023\/01\/2022-11-EA-Anja-150x150.jpg 150w, https:\/\/www.trauer-am-berg.de\/wp-content\/uploads\/2023\/01\/2022-11-EA-Anja-768x767.jpg 768w, https:\/\/www.trauer-am-berg.de\/wp-content\/uploads\/2023\/01\/2022-11-EA-Anja-1024x1024.jpg 1024w\" sizes=\"(max-width: 300px) 100vw, 300px\" \/><\/figure>\n\n\n\n<p style=\"font-size:14px\"><\/p>\n\n\n\n<p style=\"font-size:14px\"><\/p>\n\n\n\n<p><\/p>\n\n\n\n<p><span style=\"font-family: Candara,sans-serif;\"><strong>Kosten:&nbsp;&nbsp;&nbsp;&nbsp;<\/strong><br><span style=\"font-size: medium;\"> Seminargeb\u00fchr 10 \u20ac, Fr\u00fchst\u00fcck 11 \u20ac, (<\/span><span style=\"font-size: medium;\">Mittagessen in Gastst\u00e4tte selbst zu finanzieren)<\/span><\/span><\/p>\n\n\n\n<p><span style=\"font-family: Candara,sans-serif; font-size: medium;\"><strong>Anmeldung<\/strong><br>beim Dachauer Forum unter 08131-99688-0,<br>oder per mail info(at)Dachauer-Forum.de<br>oder direkt\u00a0<a href=\"https:\/\/www.dachauer-forum.de\/anmeldung\/?id=530072\">hier.<\/a><strong><br><\/strong><\/span><\/p>\n\n\n\n\n\n\n\n\n\n\n","protected":false},"excerpt":{"rendered":"<p>Tageswanderung mit Trauernden Die eigene Trauer kann nicht nur im Gespr\u00e4ch Platz haben, auch im Miteinander Gehen, im Alleine Gehen kann Trauer im wahrsten Sinne des Wortes ergangen werden. Wir beginnen mit einem gemeinsamen Fr\u00fchst\u00fcck, haben insgesamt ca 4 Stunden Wanderung vor uns, kehren Mittag ein, fahren mit der Bahn zur\u00fcck nach Erdweg und schlie\u00dfen &hellip; <a href=\"https:\/\/www.trauer-am-berg.de\/?page_id=276\" class=\"more-link\"><span class=\"screen-reader-text\">Trauer er-gehen<\/span> weiterlesen<\/a><\/p>\n","protected":false},"author":1,"featured_media":0,"parent":0,"menu_order":0,"comment_status":"closed","ping_status":"closed","template":"","meta":{"footnotes":""},"_links":{"self":[{"href":"https:\/\/www.trauer-am-berg.de\/index.php?rest_route=\/wp\/v2\/pages\/276"}],"collection":[{"href":"https:\/\/www.trauer-am-berg.de\/index.php?rest_route=\/wp\/v2\/pages"}],"about":[{"href":"https:\/\/www.trauer-am-berg.de\/index.php?rest_route=\/wp\/v2\/types\/page"}],"author":[{"embeddable":true,"href":"https:\/\/www.trauer-am-berg.de\/index.php?rest_route=\/wp\/v2\/users\/1"}],"replies":[{"embeddable":true,"href":"https:\/\/www.trauer-am-berg.de\/index.php?rest_route=%2Fwp%2Fv2%2Fcomments&post=276"}],"version-history":[{"count":37,"href":"https:\/\/www.trauer-am-berg.de\/index.php?rest_route=\/wp\/v2\/pages\/276\/revisions"}],"predecessor-version":[{"id":2067,"href":"https:\/\/www.trauer-am-berg.de\/index.php?rest_route=\/wp\/v2\/pages\/276\/revisions\/2067"}],"wp:attachment":[{"href":"https:\/\/www.trauer-am-berg.de\/index.php?rest_route=%2Fwp%2Fv2%2Fmedia&parent=276"}],"curies":[{"name":"wp","href":"https:\/\/api.w.org\/{rel}","templated":true}]}}