{"id":2229,"date":"2026-01-14T08:25:33","date_gmt":"2026-01-14T08:25:33","guid":{"rendered":"https:\/\/www.trauer-am-berg.de\/?page_id=2229"},"modified":"2026-01-14T08:30:52","modified_gmt":"2026-01-14T08:30:52","slug":"tabor-das-logo-und-der-name","status":"publish","type":"page","link":"https:\/\/www.trauer-am-berg.de\/?page_id=2229","title":{"rendered":"TaBOR &#8211; das Logo und der Name"},"content":{"rendered":"\n<p><\/p>\n\n\n<div class=\"wp-block-image\">\n<figure class=\"aligncenter size-full is-resized\"><img loading=\"lazy\" decoding=\"async\" width=\"2591\" height=\"1398\" src=\"https:\/\/www.trauer-am-berg.de\/wp-content\/uploads\/2026\/01\/LOGO_TaborUZ-rgb.png\" alt=\"\" class=\"wp-image-2217\" style=\"width:613px;height:auto\" srcset=\"https:\/\/www.trauer-am-berg.de\/wp-content\/uploads\/2026\/01\/LOGO_TaborUZ-rgb.png 2591w, https:\/\/www.trauer-am-berg.de\/wp-content\/uploads\/2026\/01\/LOGO_TaborUZ-rgb-300x162.png 300w, https:\/\/www.trauer-am-berg.de\/wp-content\/uploads\/2026\/01\/LOGO_TaborUZ-rgb-1024x553.png 1024w, https:\/\/www.trauer-am-berg.de\/wp-content\/uploads\/2026\/01\/LOGO_TaborUZ-rgb-768x414.png 768w, https:\/\/www.trauer-am-berg.de\/wp-content\/uploads\/2026\/01\/LOGO_TaborUZ-rgb-1536x829.png 1536w, https:\/\/www.trauer-am-berg.de\/wp-content\/uploads\/2026\/01\/LOGO_TaborUZ-rgb-2048x1105.png 2048w\" sizes=\"(max-width: 2591px) 100vw, 2591px\" \/><\/figure><\/div>\n\n\n<p><\/p>\n\n\n\n<p><\/p>\n\n\n\n<p><\/p>\n\n\n\n<p><\/p>\n\n\n\n<p>TaBOR &#8211; diese 5 Buchstaben stehen f\u00fcr<\/p>\n\n\n\n<p>T &#8211; rauer<\/p>\n\n\n\n<p>a &#8211; m<\/p>\n\n\n\n<p>B &#8211; erg<\/p>\n\n\n\n<p>O &#8211; rt der<\/p>\n\n\n\n<p>R &#8211; uhe<\/p>\n\n\n\n<p>TabOR nimmt Bezug auf den Peters-Berg, die Basilika und die KLVHS.<\/p>\n\n\n\n<p>Dort finden fast alle kirchlichen Angebote f\u00fcr Trauernde des Dekanats Dachau statt.<\/p>\n\n\n\n<p>TaBOR nimmt also Bezug auf diesen f\u00fcr viele so besonderen Ort, der f\u00fcr viele, und eben auch f\u00fcr viele Trauernde ein wichtiger Anlaufpunkt geworden ist.<\/p>\n\n\n\n<p>Um dort Ruhe und Frieden zu finden, und Impulse f\u00fcr das eigene Leben.<\/p>\n\n\n\n<p>Dort bei der Basilika, in der KLVHS und bei den unz\u00e4hligen Begegnungen<\/p>\n\n\n\n<p>Und dann ist Tabor nat\u00fcrlich auch der Name eines Berg in Israel.<\/p>\n\n\n\n<p>Dort, am Berg Tabor, ereignet sich etwas, was mit Verkl\u00e4rung Christi \u00fcberschrieben ist.<\/p>\n\n\n\n<p>Jesus geht mit drei seiner J\u00fcnger auf den Berg. Dort ereignet sich Besonderes, und Seltsames.<\/p>\n\n\n\n<p>Elia und Mose erscheinen, die Vergangenheit und die Gegenwart werden eins.<\/p>\n\n\n\n<p>Petrus, der treue Freund, m\u00f6chte diesen Moment festhalten. Herr, lass uns drei H\u00fctten bauen<\/p>\n\n\n\n<p>Und kaum ist der Wunsch des Festhaltens ge\u00e4u\u00dfert, ist der besondere Moment auch schon wieder vor\u00fcber<\/p>\n\n\n\n<p>Das ist die Erfahrung von Menschen, die einen Verlust erlebt haben und auf ihrem Trauerweg sind:<\/p>\n\n\n\n<p>Das Leben ist nicht festhaltbar, nicht verf\u00fcgbar<\/p>\n\n\n\n<p>Und: es gibt auch auf ihrem oft sehr schmerzlichen Weg Momente der Erf\u00fcllung, wo sich Vergangenes mit gegenw\u00e4rtigem zu einem besonderen Moment verdichten \u2013 und auch das ist nicht festhaltbar.<\/p>\n\n\n\n<p>Eine Tabor-Erfahrung auf meinem Trauerweg, eine Tabor-Erfahrung am Petersberg.<\/p>\n\n\n\n<p>Und aus diesen Gedanken heraus ist das Logo entstanden, das nun das kirchliche Angebot f\u00fcr Trauernde im Landkreis Dachau ziert:<\/p>\n\n\n\n<p>Die Basilika, ein Berg und ein Weg, der hinf\u00fchrt, und wieder wegf\u00fchrt.<\/p>\n\n\n\n<p>TaBOR \u2013 das kirchliche Angebot f\u00fcr Trauernde im Dekanat und Landkreis Dachau<\/p>\n","protected":false},"excerpt":{"rendered":"<p>TaBOR &#8211; diese 5 Buchstaben stehen f\u00fcr T &#8211; rauer a &#8211; m B &#8211; erg O &#8211; rt der R &#8211; uhe TabOR nimmt Bezug auf den Peters-Berg, die Basilika und die KLVHS. Dort finden fast alle kirchlichen Angebote f\u00fcr Trauernde des Dekanats Dachau statt. TaBOR nimmt also Bezug auf diesen f\u00fcr viele so &hellip; <a href=\"https:\/\/www.trauer-am-berg.de\/?page_id=2229\" class=\"more-link\"><span class=\"screen-reader-text\">TaBOR &#8211; das Logo und der Name<\/span> weiterlesen<\/a><\/p>\n","protected":false},"author":1,"featured_media":0,"parent":0,"menu_order":0,"comment_status":"closed","ping_status":"closed","template":"","meta":{"footnotes":""},"_links":{"self":[{"href":"https:\/\/www.trauer-am-berg.de\/index.php?rest_route=\/wp\/v2\/pages\/2229"}],"collection":[{"href":"https:\/\/www.trauer-am-berg.de\/index.php?rest_route=\/wp\/v2\/pages"}],"about":[{"href":"https:\/\/www.trauer-am-berg.de\/index.php?rest_route=\/wp\/v2\/types\/page"}],"author":[{"embeddable":true,"href":"https:\/\/www.trauer-am-berg.de\/index.php?rest_route=\/wp\/v2\/users\/1"}],"replies":[{"embeddable":true,"href":"https:\/\/www.trauer-am-berg.de\/index.php?rest_route=%2Fwp%2Fv2%2Fcomments&post=2229"}],"version-history":[{"count":5,"href":"https:\/\/www.trauer-am-berg.de\/index.php?rest_route=\/wp\/v2\/pages\/2229\/revisions"}],"predecessor-version":[{"id":2236,"href":"https:\/\/www.trauer-am-berg.de\/index.php?rest_route=\/wp\/v2\/pages\/2229\/revisions\/2236"}],"wp:attachment":[{"href":"https:\/\/www.trauer-am-berg.de\/index.php?rest_route=%2Fwp%2Fv2%2Fmedia&parent=2229"}],"curies":[{"name":"wp","href":"https:\/\/api.w.org\/{rel}","templated":true}]}}