{"id":1491,"date":"2022-07-26T12:02:14","date_gmt":"2022-07-26T12:02:14","guid":{"rendered":"https:\/\/www.trauer-am-berg.de\/?page_id=1491"},"modified":"2025-11-13T08:32:15","modified_gmt":"2025-11-13T08:32:15","slug":"oasentag-im-november","status":"publish","type":"page","link":"https:\/\/www.trauer-am-berg.de\/?page_id=1491","title":{"rendered":"Oasentag im November mit Yoga"},"content":{"rendered":"<p>Trauer ist ein Gef\u00fchl, so denken wir und empfinden wir. Doch tats\u00e4chlich erleben wir einen Verlust vorwiegend k\u00f6rperlich. Es liegt also nahe, in Zeiten der Trauer dem K\u00f6rper etwas Gutes zu tun. Oasen-Tage wollen genau dies anbieten, in ganz unterschiedlichen Oasen \u201czelten\u201c: Erfahrungen und Erlebnisse, die gut tun an Leib und Seele, wie eine Oase gut tut nach einer langen, entbehrungsreichen Wanderung in der W\u00fcste unserer Trauer.<\/p>\n<p>Der Oasentag im November steht unter dem Motto &#8220;Yoga&#8221;.<\/p>\n<p>Mit einfachen \u00dcbungen, Atem\u00fcbungen und Entspannungs\u00fcbungen wollen wir dem K\u00f6rper und damit auch der Seele Gelegenheit geben, sich zu erholen.<\/p>\n<p>Samstag,\u00a0 14.11.2026<br \/>\nvon 10.00 bis 17.00 Uhr<br \/>\nam Petersberg bei Erdweg, Beginn im Oberen Haus<\/p>\n<p>Seminargeb\u00fchr 10 \u20ac<br \/>\nVerpflegung inkl. Mittagessen und Kaffee und Kuchen: 25 \u20ac<\/p>\n<p>Leitung:<br \/>\nWalter Hechenberger, Pastoralreferent<br \/>\nReferentin:<br \/>\nAnja Oberm\u00fcller, ehrenamtliche Mitarbeiterin in der Trauerseelsorge, Yogalehrerin<img loading=\"lazy\" decoding=\"async\" class=\"wp-image-1567 alignleft\" src=\"https:\/\/www.trauer-am-berg.de\/wp-content\/uploads\/2023\/01\/2022-11-EA-Anja-300x300.jpg\" alt=\"\" width=\"180\" height=\"180\" srcset=\"https:\/\/www.trauer-am-berg.de\/wp-content\/uploads\/2023\/01\/2022-11-EA-Anja-300x300.jpg 300w, https:\/\/www.trauer-am-berg.de\/wp-content\/uploads\/2023\/01\/2022-11-EA-Anja-150x150.jpg 150w, https:\/\/www.trauer-am-berg.de\/wp-content\/uploads\/2023\/01\/2022-11-EA-Anja-768x767.jpg 768w, https:\/\/www.trauer-am-berg.de\/wp-content\/uploads\/2023\/01\/2022-11-EA-Anja-1024x1024.jpg 1024w\" sizes=\"(max-width: 180px) 100vw, 180px\" \/><\/p>\n<p>Anmeldung beim Dachauer Forum unter 08131-99688-0, oder<br \/>\nper mail info(at)Dachauer-Forum.de oder ab Herbst 2026 direkt hier.<\/p>\n","protected":false},"excerpt":{"rendered":"<p>Trauer ist ein Gef\u00fchl, so denken wir und empfinden wir. Doch tats\u00e4chlich erleben wir einen Verlust vorwiegend k\u00f6rperlich. Es liegt also nahe, in Zeiten der Trauer dem K\u00f6rper etwas Gutes zu tun. Oasen-Tage wollen genau dies anbieten, in ganz unterschiedlichen Oasen \u201czelten\u201c: Erfahrungen und Erlebnisse, die gut tun an Leib und Seele, wie eine Oase &hellip; <a href=\"https:\/\/www.trauer-am-berg.de\/?page_id=1491\" class=\"more-link\"><span class=\"screen-reader-text\">Oasentag im November mit Yoga<\/span> weiterlesen<\/a><\/p>\n","protected":false},"author":1,"featured_media":0,"parent":0,"menu_order":0,"comment_status":"closed","ping_status":"closed","template":"","meta":{"footnotes":""},"_links":{"self":[{"href":"https:\/\/www.trauer-am-berg.de\/index.php?rest_route=\/wp\/v2\/pages\/1491"}],"collection":[{"href":"https:\/\/www.trauer-am-berg.de\/index.php?rest_route=\/wp\/v2\/pages"}],"about":[{"href":"https:\/\/www.trauer-am-berg.de\/index.php?rest_route=\/wp\/v2\/types\/page"}],"author":[{"embeddable":true,"href":"https:\/\/www.trauer-am-berg.de\/index.php?rest_route=\/wp\/v2\/users\/1"}],"replies":[{"embeddable":true,"href":"https:\/\/www.trauer-am-berg.de\/index.php?rest_route=%2Fwp%2Fv2%2Fcomments&post=1491"}],"version-history":[{"count":13,"href":"https:\/\/www.trauer-am-berg.de\/index.php?rest_route=\/wp\/v2\/pages\/1491\/revisions"}],"predecessor-version":[{"id":2155,"href":"https:\/\/www.trauer-am-berg.de\/index.php?rest_route=\/wp\/v2\/pages\/1491\/revisions\/2155"}],"wp:attachment":[{"href":"https:\/\/www.trauer-am-berg.de\/index.php?rest_route=%2Fwp%2Fv2%2Fmedia&parent=1491"}],"curies":[{"name":"wp","href":"https:\/\/api.w.org\/{rel}","templated":true}]}}